{"id":2588,"date":"2023-12-07T03:42:14","date_gmt":"2023-12-07T03:42:14","guid":{"rendered":"https:\/\/globalecorescue.com\/?page_id=2588"},"modified":"2024-02-12T13:48:18","modified_gmt":"2024-02-12T13:48:18","slug":"career","status":"publish","type":"page","link":"https:\/\/globalecorescue.com\/pt\/career\/","title":{"rendered":"Carreira"},"content":{"rendered":"<div data-elementor-type=\"wp-page\" data-elementor-id=\"2588\" class=\"elementor elementor-2588\" data-elementor-post-type=\"page\">\n\t\t\t\t\t\t<section class=\"elementor-section elementor-top-section elementor-element elementor-element-5acda24 elementor-section-full_width elementor-section-height-min-height elementor-section-height-default elementor-section-items-middle\" data-id=\"5acda24\" data-element_type=\"section\" data-settings=\"{&quot;background_background&quot;:&quot;classic&quot;}\">\n\t\t\t\t\t\t<div class=\"elementor-container elementor-column-gap-default\">\n\t\t\t\t\t<div class=\"elementor-column elementor-col-100 elementor-top-column elementor-element elementor-element-1edf11c\" data-id=\"1edf11c\" data-element_type=\"column\">\n\t\t\t<div class=\"elementor-widget-wrap\">\n\t\t\t\t\t\t\t<\/div>\n\t\t<\/div>\n\t\t\t\t\t<\/div>\n\t\t<\/section>\n\t\t\t\t<section class=\"elementor-section elementor-top-section elementor-element elementor-element-b882c9e elementor-section-full_width elementor-section-height-min-height elementor-section-height-default elementor-section-items-middle\" data-id=\"b882c9e\" data-element_type=\"section\" data-settings=\"{&quot;background_background&quot;:&quot;classic&quot;}\">\n\t\t\t\t\t\t\t<div class=\"elementor-background-overlay\"><\/div>\n\t\t\t\t\t\t\t<div class=\"elementor-container elementor-column-gap-default\">\n\t\t\t\t\t<div class=\"elementor-column elementor-col-100 elementor-top-column elementor-element elementor-element-3886724\" data-id=\"3886724\" data-element_type=\"column\">\n\t\t\t<div class=\"elementor-widget-wrap\">\n\t\t\t\t\t\t\t<\/div>\n\t\t<\/div>\n\t\t\t\t\t<\/div>\n\t\t<\/section>\n\t\t\t\t<section class=\"elementor-section elementor-top-section elementor-element elementor-element-d0202a4 elementor-section-boxed elementor-section-height-default elementor-section-height-default\" data-id=\"d0202a4\" data-element_type=\"section\">\n\t\t\t\t\t\t<div class=\"elementor-container elementor-column-gap-default\">\n\t\t\t\t\t<div class=\"elementor-column elementor-col-100 elementor-top-column elementor-element elementor-element-9a2767b\" data-id=\"9a2767b\" data-element_type=\"column\">\n\t\t\t<div class=\"elementor-widget-wrap elementor-element-populated\">\n\t\t\t\t\t\t<div class=\"elementor-element elementor-element-5544628 elementor-widget elementor-widget-spacer\" data-id=\"5544628\" data-element_type=\"widget\" data-widget_type=\"spacer.default\">\n\t\t\t\t<div class=\"elementor-widget-container\">\n\t\t\t<style>\/*! elementor - v3.19.0 - 07-02-2024 *\/\n.elementor-column .elementor-spacer-inner{height:var(--spacer-size)}.e-con{--container-widget-width:100%}.e-con-inner>.elementor-widget-spacer,.e-con>.elementor-widget-spacer{width:var(--container-widget-width,var(--spacer-size));--align-self:var(--container-widget-align-self,initial);--flex-shrink:0}.e-con-inner>.elementor-widget-spacer>.elementor-widget-container,.e-con>.elementor-widget-spacer>.elementor-widget-container{height:100%;width:100%}.e-con-inner>.elementor-widget-spacer>.elementor-widget-container>.elementor-spacer,.e-con>.elementor-widget-spacer>.elementor-widget-container>.elementor-spacer{height:100%}.e-con-inner>.elementor-widget-spacer>.elementor-widget-container>.elementor-spacer>.elementor-spacer-inner,.e-con>.elementor-widget-spacer>.elementor-widget-container>.elementor-spacer>.elementor-spacer-inner{height:var(--container-widget-height,var(--spacer-size))}.e-con-inner>.elementor-widget-spacer.elementor-widget-empty,.e-con>.elementor-widget-spacer.elementor-widget-empty{position:relative;min-height:22px;min-width:22px}.e-con-inner>.elementor-widget-spacer.elementor-widget-empty .elementor-widget-empty-icon,.e-con>.elementor-widget-spacer.elementor-widget-empty .elementor-widget-empty-icon{position:absolute;top:0;bottom:0;left:0;right:0;margin:auto;padding:0;width:22px;height:22px}<\/style>\t\t<div class=\"elementor-spacer\">\n\t\t\t<div class=\"elementor-spacer-inner\"><\/div>\n\t\t<\/div>\n\t\t\t\t<\/div>\n\t\t\t\t<\/div>\n\t\t\t\t<div class=\"elementor-element elementor-element-c6f9a35 elementor-widget elementor-widget-heading\" data-id=\"c6f9a35\" data-element_type=\"widget\" data-widget_type=\"heading.default\">\n\t\t\t\t<div class=\"elementor-widget-container\">\n\t\t\t<style>\/*! elementor - v3.19.0 - 07-02-2024 *\/\n.elementor-heading-title{padding:0;margin:0;line-height:1}.elementor-widget-heading .elementor-heading-title[class*=elementor-size-]>a{color:inherit;font-size:inherit;line-height:inherit}.elementor-widget-heading .elementor-heading-title.elementor-size-small{font-size:15px}.elementor-widget-heading .elementor-heading-title.elementor-size-medium{font-size:19px}.elementor-widget-heading .elementor-heading-title.elementor-size-large{font-size:29px}.elementor-widget-heading .elementor-heading-title.elementor-size-xl{font-size:39px}.elementor-widget-heading .elementor-heading-title.elementor-size-xxl{font-size:59px}<\/style><h2 class=\"elementor-heading-title elementor-size-default\">Gerente de Planejamento de Programas<\/h2>\t\t<\/div>\n\t\t\t\t<\/div>\n\t\t\t\t<div class=\"elementor-element elementor-element-048f827 elementor-widget elementor-widget-text-editor\" data-id=\"048f827\" data-element_type=\"widget\" data-widget_type=\"text-editor.default\">\n\t\t\t\t<div class=\"elementor-widget-container\">\n\t\t\t<style>\/*! elementor - v3.19.0 - 07-02-2024 *\/\n.elementor-widget-text-editor.elementor-drop-cap-view-stacked .elementor-drop-cap{background-color:#69727d;color:#fff}.elementor-widget-text-editor.elementor-drop-cap-view-framed .elementor-drop-cap{color:#69727d;border:3px solid;background-color:transparent}.elementor-widget-text-editor:not(.elementor-drop-cap-view-default) .elementor-drop-cap{margin-top:8px}.elementor-widget-text-editor:not(.elementor-drop-cap-view-default) .elementor-drop-cap-letter{width:1em;height:1em}.elementor-widget-text-editor .elementor-drop-cap{float:left;text-align:center;line-height:1;font-size:50px}.elementor-widget-text-editor .elementor-drop-cap-letter{display:inline-block}<\/style>\t\t\t\t<p style=\"font-weight: 400;\"><strong>Sobre GERL (Global Eco Rescue Lestari)<\/strong><\/p><p style=\"font-weight: 400;\">Na GERL voc\u00ea far\u00e1 mais do que trabalhar \u2013 voc\u00ea ajudar\u00e1 a moldar um mundo melhor para as gera\u00e7\u00f5es vindouras.<\/p><p style=\"font-weight: 400;\">Se voc\u00ea deseja causar um impacto positivo no mundo atrav\u00e9s do nosso desenvolvimento sustent\u00e1vel no Norte de Kalimantan e possui as habilidades e qualifica\u00e7\u00f5es relevantes, teremos prazer em ouvir sua opini\u00e3o. Encorajamos especialmente candidaturas de indiv\u00edduos qualificados que vivem nas comunidades de Kaltara onde o nosso programa ser\u00e1 implementado e onde nos esfor\u00e7amos para criar um ambiente de trabalho din\u00e2mico e focado, incentivando a inova\u00e7\u00e3o nos nossos projetos e proporcionando desenvolvimento socioecon\u00f3mico \u00e0s comunidades. no \u00e2mbito do nosso programa de redu\u00e7\u00e3o de carbono.<\/p><p style=\"font-weight: 400;\"><strong>Sobre o projeto <\/strong><\/p><p style=\"font-weight: 400;\">A GERL, em parceria com o Governo Provincial, est\u00e1 a desenvolver e a gerir um programa multimilion\u00e1rio de grande escala de restaura\u00e7\u00e3o e conserva\u00e7\u00e3o sustent\u00e1vel baseado na natureza, abrangendo benef\u00edcios socioecon\u00f3micos e de biodiversidade. O programa ter\u00e1 uma dura\u00e7\u00e3o inicial de 40 anos e a GERL exigir\u00e1 uma equipa de gest\u00e3o de projetos competente, incluindo um gestor de programa durante a vida \u00fatil do programa. O projecto abrange uma \u00e1rea de aproximadamente 240.000 hectares e proporcionar\u00e1 benef\u00edcios sociais e econ\u00f3micos a mais de 150 aldeias, em colabora\u00e7\u00e3o com v\u00e1rias organiza\u00e7\u00f5es n\u00e3o governamentais.<\/p><p style=\"font-weight: 400;\"><strong>Sobre esta fun\u00e7\u00e3o<\/strong><\/p><p style=\"font-weight: 400;\">O foco principal do Gerente de Planejamento de Projeto \u00e9 fornecer lideran\u00e7a t\u00e9cnica e comercial ao Programa de Colabora\u00e7\u00e3o para garantir a entrega oportuna do programa \u00e0s comunidades que trabalham ao lado do Diretor do Programa. Espera-se que esta fun\u00e7\u00e3o desenvolva uma estrat\u00e9gia para a execu\u00e7\u00e3o do programa, incluindo o desenvolvimento e monitoriza\u00e7\u00e3o de recursos e or\u00e7amentos financeiros para os resultados do programa. As principais responsabilidades consistir\u00e3o em:<\/p><ul><li>Respons\u00e1vel pelo desempenho geral do Programa de Colabora\u00e7\u00e3o, como parte da equipe de lideran\u00e7a de gerenciamento de projetos, pelo desenvolvimento e implementa\u00e7\u00e3o de planos estrat\u00e9gicos de longo prazo que beneficiar\u00e3o o programa.<\/li><li>Planejar pacotes de projetos, aquisi\u00e7\u00f5es e obras para garantir que os contratos e acordos sejam licitados, negociados e concedidos a fornecedores, incluindo fornecedores, para cumprir os prazos gerais do programa.<\/li><li>Auxiliar na garantia da conformidade com os sistemas internos do programa para planejamento, or\u00e7amento de gerenciamento de recursos e gerenciamento financeiro do programa, trabalhando em estreita colabora\u00e7\u00e3o com o Diretor do Programa e as equipes operacionais e de gerenciamento de projetos, monitorando os cronogramas e marcos do projeto, garantindo o cumprimento do cronograma de constru\u00e7\u00e3o.<\/li><li>Respons\u00e1vel junto ao Diretor do Programa e Equipe de Gerenciamento de Projetos pela entrega dos servi\u00e7os, estabelecimento direto do Plano de Execu\u00e7\u00e3o do Projeto e trabalho pr\u00f3ximo ao Diretor do Projeto para se comunicar com os n\u00edveis de gerenciamento do cliente, incluindo aconselhamento sobre abordagens de implementa\u00e7\u00e3o e desenvolvimento de abordagens estrat\u00e9gicas para opera\u00e7\u00f5es.<\/li><li>Respons\u00e1vel pela coordena\u00e7\u00e3o de pessoas, instala\u00e7\u00f5es, recursos, etc., dentro de prazos apertados e de acordo com as restri\u00e7\u00f5es or\u00e7ament\u00e1rias (inclui a revis\u00e3o dos padr\u00f5es t\u00e9cnicos do grupo para garantir que as t\u00e9cnicas de design, materiais de refer\u00eancia e ferramentas de software estejam atualizados e sejam aplicados corretamente)<\/li><\/ul><p style=\"font-weight: 400;\"><strong>Requisitos<\/strong><\/p><ul style=\"font-weight: 400;\"><li>Pelo menos 10 anos de experi\u00eancia em planejamento com pelo menos 5 anos de envolvimento em projetos de grande escala em fun\u00e7\u00f5es semelhantes.<\/li><li>Experi\u00eancia em liderar e gerenciar projetos das fun\u00e7\u00f5es de planejamento, recursos e or\u00e7amento em estreita coordena\u00e7\u00e3o e colabora\u00e7\u00e3o com a equipe de gerenciamento de projetos.<\/li><li>De prefer\u00eancia Engenheiro Profissional Certificado pela BEM e IEM ou institui\u00e7\u00e3o profissional relevante<\/li><li>A certifica\u00e7\u00e3o e acredita\u00e7\u00e3o em rela\u00e7\u00e3o ao planeamento ser\u00e1 uma vantagem e dever\u00e1 ter compet\u00eancias em Primavera-P6 incluindo a capacidade de realizar:<\/li><\/ul><ul><li style=\"font-weight: 400;\">Configurar, desenvolver e estabelecer um programa com recursos com l\u00f3gica e estrutura de atividades desde o design inicial at\u00e9 o ciclo de vida do projeto<\/li><li style=\"font-weight: 400;\">Programa\u00e7\u00e3o e an\u00e1lise do caminho cr\u00edtico<\/li><li style=\"font-weight: 400;\">Gerenciamento e an\u00e1lise de riscos do projeto<\/li><li style=\"font-weight: 400;\">Gest\u00e3o e otimiza\u00e7\u00e3o de recursos, aloca\u00e7\u00e3o de recursos e planejamento de capacidade<\/li><li style=\"font-weight: 400;\">Or\u00e7amento do projeto e gerenciamento de custos<\/li><li style=\"font-weight: 400;\">Recursos avan\u00e7ados de relat\u00f3rios e an\u00e1lises<\/li><li style=\"font-weight: 400;\">Controles do projeto<\/li><\/ul><ul style=\"font-weight: 400;\"><li>Trabalhador de equipe com atitude colaborativa e capaz de comunicar altera\u00e7\u00f5es e atualiza\u00e7\u00f5es de cronograma \u00e0s equipes de projeto e partes interessadas relevantes.<\/li><li>Candidatos com experi\u00eancia em trabalhos de restaura\u00e7\u00e3o e conserva\u00e7\u00e3o de turfeiras e manguezais baseados na natureza seriam uma vantagem distinta, mas n\u00e3o s\u00e3o essenciais.<\/li><\/ul><p style=\"font-weight: 400;\">Para se candidatar diretamente ou enviar o seu CV para <a href=\"mailto:warahapsari@globalecorescue.com\">warahapsari@globalecorescue.com<\/a> para uma discuss\u00e3o confidencial. Informamos que apenas os candidatos pr\u00e9-selecionados ser\u00e3o notificados.<\/p><p style=\"font-weight: 400;\">\u00a0<\/p>\t\t\t\t\t\t<\/div>\n\t\t\t\t<\/div>\n\t\t\t\t\t<\/div>\n\t\t<\/div>\n\t\t\t\t\t<\/div>\n\t\t<\/section>\n\t\t\t\t<section class=\"elementor-section elementor-top-section elementor-element elementor-element-68f3f26 elementor-section-boxed elementor-section-height-default elementor-section-height-default\" data-id=\"68f3f26\" data-element_type=\"section\">\n\t\t\t\t\t\t<div class=\"elementor-container elementor-column-gap-default\">\n\t\t\t\t\t<div class=\"elementor-column elementor-col-100 elementor-top-column elementor-element elementor-element-36c3035\" data-id=\"36c3035\" data-element_type=\"column\">\n\t\t\t<div class=\"elementor-widget-wrap elementor-element-populated\">\n\t\t\t\t\t\t<div class=\"elementor-element elementor-element-27d857c elementor-share-buttons--view-icon elementor-share-buttons--skin-boxed elementor-share-buttons--shape-circle elementor-share-buttons--align-center elementor-grid-0 elementor-share-buttons--color-official elementor-widget elementor-widget-share-buttons\" data-id=\"27d857c\" data-element_type=\"widget\" data-widget_type=\"share-buttons.default\">\n\t\t\t\t<div class=\"elementor-widget-container\">\n\t\t\t<link rel=\"stylesheet\" href=\"https:\/\/globalecorescue.com\/wp-content\/plugins\/elementor-pro\/assets\/css\/widget-share-buttons.min.css\">\t\t<div class=\"elementor-grid\">\n\t\t\t\t\t\t\t\t<div class=\"elementor-grid-item\">\n\t\t\t\t\t\t<div\n\t\t\t\t\t\t\tclass=\"elementor-share-btn elementor-share-btn_facebook\"\n\t\t\t\t\t\t\trole=\"button\"\n\t\t\t\t\t\t\ttabindex=\"0\"\n\t\t\t\t\t\t\taria-label=\"Compartilhar no facebook\"\n\t\t\t\t\t\t>\n\t\t\t\t\t\t\t\t\t\t\t\t\t\t\t<span class=\"elementor-share-btn__icon\">\n\t\t\t\t\t\t\t\t<i class=\"fab fa-facebook\" aria-hidden=\"true\"><\/i>\t\t\t\t\t\t\t<\/span>\n\t\t\t\t\t\t\t\t\t\t\t\t\t\t\t\t\t\t\t\t<\/div>\n\t\t\t\t\t<\/div>\n\t\t\t\t\t\t\t\t\t<div class=\"elementor-grid-item\">\n\t\t\t\t\t\t<div\n\t\t\t\t\t\t\tclass=\"elementor-share-btn elementor-share-btn_twitter\"\n\t\t\t\t\t\t\trole=\"button\"\n\t\t\t\t\t\t\ttabindex=\"0\"\n\t\t\t\t\t\t\taria-label=\"Compartilhar no twitter\"\n\t\t\t\t\t\t>\n\t\t\t\t\t\t\t\t\t\t\t\t\t\t\t<span class=\"elementor-share-btn__icon\">\n\t\t\t\t\t\t\t\t<i class=\"fab fa-twitter\" aria-hidden=\"true\"><\/i>\t\t\t\t\t\t\t<\/span>\n\t\t\t\t\t\t\t\t\t\t\t\t\t\t\t\t\t\t\t\t<\/div>\n\t\t\t\t\t<\/div>\n\t\t\t\t\t\t\t\t\t<div class=\"elementor-grid-item\">\n\t\t\t\t\t\t<div\n\t\t\t\t\t\t\tclass=\"elementor-share-btn elementor-share-btn_linkedin\"\n\t\t\t\t\t\t\trole=\"button\"\n\t\t\t\t\t\t\ttabindex=\"0\"\n\t\t\t\t\t\t\taria-label=\"Compartilhar no linkedin\"\n\t\t\t\t\t\t>\n\t\t\t\t\t\t\t\t\t\t\t\t\t\t\t<span class=\"elementor-share-btn__icon\">\n\t\t\t\t\t\t\t\t<i class=\"fab fa-linkedin\" aria-hidden=\"true\"><\/i>\t\t\t\t\t\t\t<\/span>\n\t\t\t\t\t\t\t\t\t\t\t\t\t\t\t\t\t\t\t\t<\/div>\n\t\t\t\t\t<\/div>\n\t\t\t\t\t\t\t\t\t<div class=\"elementor-grid-item\">\n\t\t\t\t\t\t<div\n\t\t\t\t\t\t\tclass=\"elementor-share-btn elementor-share-btn_whatsapp\"\n\t\t\t\t\t\t\trole=\"button\"\n\t\t\t\t\t\t\ttabindex=\"0\"\n\t\t\t\t\t\t\taria-label=\"Compartilhar no whatsapp\"\n\t\t\t\t\t\t>\n\t\t\t\t\t\t\t\t\t\t\t\t\t\t\t<span class=\"elementor-share-btn__icon\">\n\t\t\t\t\t\t\t\t<i class=\"fab fa-whatsapp\" aria-hidden=\"true\"><\/i>\t\t\t\t\t\t\t<\/span>\n\t\t\t\t\t\t\t\t\t\t\t\t\t\t\t\t\t\t\t\t<\/div>\n\t\t\t\t\t<\/div>\n\t\t\t\t\t\t<\/div>\n\t\t\t\t<\/div>\n\t\t\t\t<\/div>\n\t\t\t\t\t<\/div>\n\t\t<\/div>\n\t\t\t\t\t<\/div>\n\t\t<\/section>\n\t\t\t\t<\/div>","protected":false},"excerpt":{"rendered":"<p>Program Planning Manager About GERL (Global Eco Rescue Lestari) At GERL you\u2019ll do more than work \u2014 you\u2019ll help shape a better world for generations to come. If you want to make a positive impact on the world through our sustainable development in North Kalimantan and you possess the relevant skills and qualifications, we will [&hellip;]<\/p>","protected":false},"author":1,"featured_media":0,"parent":0,"menu_order":0,"comment_status":"closed","ping_status":"closed","template":"","meta":{"site-sidebar-layout":"no-sidebar","site-content-layout":"page-builder","ast-site-content-layout":"full-width-container","site-content-style":"default","site-sidebar-style":"default","ast-global-header-display":"","ast-banner-title-visibility":"","ast-main-header-display":"","ast-hfb-above-header-display":"","ast-hfb-below-header-display":"","ast-hfb-mobile-header-display":"","site-post-title":"disabled","ast-breadcrumbs-content":"","ast-featured-img":"disabled","footer-sml-layout":"","theme-transparent-header-meta":"","adv-header-id-meta":"","stick-header-meta":"","header-above-stick-meta":"","header-main-stick-meta":"","header-below-stick-meta":"","astra-migrate-meta-layouts":"default","ast-page-background-enabled":"default","ast-page-background-meta":{"desktop":{"background-color":"var(--ast-global-color-4)","background-image":"","background-repeat":"repeat","background-position":"center center","background-size":"auto","background-attachment":"scroll","background-type":"","background-media":"","overlay-type":"","overlay-color":"","overlay-gradient":""},"tablet":{"background-color":"","background-image":"","background-repeat":"repeat","background-position":"center center","background-size":"auto","background-attachment":"scroll","background-type":"","background-media":"","overlay-type":"","overlay-color":"","overlay-gradient":""},"mobile":{"background-color":"","background-image":"","background-repeat":"repeat","background-position":"center center","background-size":"auto","background-attachment":"scroll","background-type":"","background-media":"","overlay-type":"","overlay-color":"","overlay-gradient":""}},"ast-content-background-meta":{"desktop":{"background-color":"var(--ast-global-color-5)","background-image":"","background-repeat":"repeat","background-position":"center center","background-size":"auto","background-attachment":"scroll","background-type":"","background-media":"","overlay-type":"","overlay-color":"","overlay-gradient":""},"tablet":{"background-color":"var(--ast-global-color-5)","background-image":"","background-repeat":"repeat","background-position":"center center","background-size":"auto","background-attachment":"scroll","background-type":"","background-media":"","overlay-type":"","overlay-color":"","overlay-gradient":""},"mobile":{"background-color":"var(--ast-global-color-5)","background-image":"","background-repeat":"repeat","background-position":"center center","background-size":"auto","background-attachment":"scroll","background-type":"","background-media":"","overlay-type":"","overlay-color":"","overlay-gradient":""}},"footnotes":""},"class_list":["post-2588","page","type-page","status-publish","hentry"],"_links":{"self":[{"href":"https:\/\/globalecorescue.com\/pt\/wp-json\/wp\/v2\/pages\/2588","targetHints":{"allow":["GET"]}}],"collection":[{"href":"https:\/\/globalecorescue.com\/pt\/wp-json\/wp\/v2\/pages"}],"about":[{"href":"https:\/\/globalecorescue.com\/pt\/wp-json\/wp\/v2\/types\/page"}],"author":[{"embeddable":true,"href":"https:\/\/globalecorescue.com\/pt\/wp-json\/wp\/v2\/users\/1"}],"replies":[{"embeddable":true,"href":"https:\/\/globalecorescue.com\/pt\/wp-json\/wp\/v2\/comments?post=2588"}],"version-history":[{"count":27,"href":"https:\/\/globalecorescue.com\/pt\/wp-json\/wp\/v2\/pages\/2588\/revisions"}],"predecessor-version":[{"id":17626,"href":"https:\/\/globalecorescue.com\/pt\/wp-json\/wp\/v2\/pages\/2588\/revisions\/17626"}],"wp:attachment":[{"href":"https:\/\/globalecorescue.com\/pt\/wp-json\/wp\/v2\/media?parent=2588"}],"curies":[{"name":"wp","href":"https:\/\/api.w.org\/{rel}","templated":true}]}}