{"id":38,"date":"2023-08-14T05:25:29","date_gmt":"2023-08-14T05:25:29","guid":{"rendered":"https:\/\/globalecorescue.com\/?page_id=38"},"modified":"2024-02-20T08:32:58","modified_gmt":"2024-02-20T08:32:58","slug":"projects","status":"publish","type":"page","link":"https:\/\/globalecorescue.com\/pt\/projects\/","title":{"rendered":"Projetos"},"content":{"rendered":"<div data-elementor-type=\"wp-page\" data-elementor-id=\"38\" class=\"elementor elementor-38\" data-elementor-post-type=\"page\">\n\t\t\t\t\t\t<section class=\"elementor-section elementor-top-section elementor-element elementor-element-a0cff38 elementor-section-height-min-height elementor-section-boxed elementor-section-height-default elementor-section-items-middle\" data-id=\"a0cff38\" data-element_type=\"section\" data-settings=\"{&quot;background_background&quot;:&quot;classic&quot;}\">\n\t\t\t\t\t\t<div class=\"elementor-container elementor-column-gap-default\">\n\t\t\t\t\t<div class=\"elementor-column elementor-col-100 elementor-top-column elementor-element elementor-element-ad5aa65\" data-id=\"ad5aa65\" data-element_type=\"column\">\n\t\t\t<div class=\"elementor-widget-wrap\">\n\t\t\t\t\t\t\t<\/div>\n\t\t<\/div>\n\t\t\t\t\t<\/div>\n\t\t<\/section>\n\t\t\t\t<section class=\"elementor-section elementor-top-section elementor-element elementor-element-5668215 elementor-section-full_width elementor-section-height-min-height elementor-section-height-default elementor-section-items-middle\" data-id=\"5668215\" data-element_type=\"section\" data-settings=\"{&quot;background_background&quot;:&quot;classic&quot;}\">\n\t\t\t\t\t\t<div class=\"elementor-container elementor-column-gap-default\">\n\t\t\t\t\t<div class=\"elementor-column elementor-col-100 elementor-top-column elementor-element elementor-element-141bd32\" data-id=\"141bd32\" data-element_type=\"column\">\n\t\t\t<div class=\"elementor-widget-wrap elementor-element-populated\">\n\t\t\t\t\t\t<div class=\"elementor-element elementor-element-25e8093 elementor-widget elementor-widget-heading\" data-id=\"25e8093\" data-element_type=\"widget\" data-widget_type=\"heading.default\">\n\t\t\t\t<div class=\"elementor-widget-container\">\n\t\t\t<style>\/*! elementor - v3.19.0 - 07-02-2024 *\/\n.elementor-heading-title{padding:0;margin:0;line-height:1}.elementor-widget-heading .elementor-heading-title[class*=elementor-size-]>a{color:inherit;font-size:inherit;line-height:inherit}.elementor-widget-heading .elementor-heading-title.elementor-size-small{font-size:15px}.elementor-widget-heading .elementor-heading-title.elementor-size-medium{font-size:19px}.elementor-widget-heading .elementor-heading-title.elementor-size-large{font-size:29px}.elementor-widget-heading .elementor-heading-title.elementor-size-xl{font-size:39px}.elementor-widget-heading .elementor-heading-title.elementor-size-xxl{font-size:59px}<\/style><h2 class=\"elementor-heading-title elementor-size-default\">Projetos<\/h2>\t\t<\/div>\n\t\t\t\t<\/div>\n\t\t\t\t<div class=\"elementor-element elementor-element-f0960a2 elementor-widget-mobile__width-inherit elementor-widget elementor-widget-text-editor\" data-id=\"f0960a2\" data-element_type=\"widget\" data-widget_type=\"text-editor.default\">\n\t\t\t\t<div class=\"elementor-widget-container\">\n\t\t\t<style>\/*! elementor - v3.19.0 - 07-02-2024 *\/\n.elementor-widget-text-editor.elementor-drop-cap-view-stacked .elementor-drop-cap{background-color:#69727d;color:#fff}.elementor-widget-text-editor.elementor-drop-cap-view-framed .elementor-drop-cap{color:#69727d;border:3px solid;background-color:transparent}.elementor-widget-text-editor:not(.elementor-drop-cap-view-default) .elementor-drop-cap{margin-top:8px}.elementor-widget-text-editor:not(.elementor-drop-cap-view-default) .elementor-drop-cap-letter{width:1em;height:1em}.elementor-widget-text-editor .elementor-drop-cap{float:left;text-align:center;line-height:1;font-size:50px}.elementor-widget-text-editor .elementor-drop-cap-letter{display:inline-block}<\/style>\t\t\t\t<p>Executamos projetos para as pessoas e para o planeta.<\/p>\t\t\t\t\t\t<\/div>\n\t\t\t\t<\/div>\n\t\t\t\t\t<\/div>\n\t\t<\/div>\n\t\t\t\t\t<\/div>\n\t\t<\/section>\n\t\t\t\t<section class=\"elementor-section elementor-top-section elementor-element elementor-element-2265c58 elementor-section-height-min-height elementor-section-boxed elementor-section-height-default elementor-section-items-middle\" data-id=\"2265c58\" data-element_type=\"section\" data-settings=\"{&quot;background_background&quot;:&quot;classic&quot;}\">\n\t\t\t\t\t\t<div class=\"elementor-container elementor-column-gap-default\">\n\t\t\t\t\t<div class=\"elementor-column elementor-col-100 elementor-top-column elementor-element elementor-element-7dab5a2\" data-id=\"7dab5a2\" data-element_type=\"column\">\n\t\t\t<div class=\"elementor-widget-wrap\">\n\t\t\t\t\t\t\t<\/div>\n\t\t<\/div>\n\t\t\t\t\t<\/div>\n\t\t<\/section>\n\t\t\t\t<section class=\"elementor-section elementor-top-section elementor-element elementor-element-208c158 elementor-section-boxed elementor-section-height-default elementor-section-height-default\" data-id=\"208c158\" data-element_type=\"section\" data-settings=\"{&quot;background_background&quot;:&quot;classic&quot;}\">\n\t\t\t\t\t\t<div class=\"elementor-container elementor-column-gap-default\">\n\t\t\t\t\t<div class=\"elementor-column elementor-col-50 elementor-top-column elementor-element elementor-element-be63f62\" data-id=\"be63f62\" data-element_type=\"column\">\n\t\t\t<div class=\"elementor-widget-wrap elementor-element-populated\">\n\t\t\t\t\t\t<div class=\"elementor-element elementor-element-85b7256 elementor-widget elementor-widget-text-editor\" data-id=\"85b7256\" data-element_type=\"widget\" data-widget_type=\"text-editor.default\">\n\t\t\t\t<div class=\"elementor-widget-container\">\n\t\t\t\t\t\t\t<p>Nossas opera\u00e7\u00f5es est\u00e3o estrategicamente focadas no n\u00edvel jurisdicional regional no Brasil e na Indon\u00e9sia. Dedicamo-nos \u00e0 cria\u00e7\u00e3o de mercados que visam alinhar a oferta e a procura de solu\u00e7\u00f5es baseadas na natureza. Este esfor\u00e7o integrado representa um passo significativo para alcan\u00e7ar a escala necess\u00e1ria para enfrentar os desafios ambientais globais.<\/p><p>Grande parte do mundo reconhece a import\u00e2ncia de atingir o zero l\u00edquido at\u00e9 2050, mas quase todas as empresas com metas de zero l\u00edquido n\u00e3o conseguir\u00e3o atingir os seus objetivos se n\u00e3o duplicarem, no m\u00ednimo, o ritmo das redu\u00e7\u00f5es de emiss\u00f5es at\u00e9 2030. Isto ser\u00e1 necess\u00e1rio incluir esfor\u00e7os de descarboniza\u00e7\u00e3o e investimentos em cr\u00e9ditos de carbono para contabilizar as emiss\u00f5es que atualmente n\u00e3o podem ser totalmente eliminadas.<\/p>\t\t\t\t\t\t<\/div>\n\t\t\t\t<\/div>\n\t\t\t\t\t<\/div>\n\t\t<\/div>\n\t\t\t\t<div class=\"elementor-column elementor-col-50 elementor-top-column elementor-element elementor-element-80f94fd\" data-id=\"80f94fd\" data-element_type=\"column\">\n\t\t\t<div class=\"elementor-widget-wrap elementor-element-populated\">\n\t\t\t\t\t\t<div class=\"elementor-element elementor-element-ae8c91e elementor-widget elementor-widget-image\" data-id=\"ae8c91e\" data-element_type=\"widget\" data-widget_type=\"image.default\">\n\t\t\t\t<div class=\"elementor-widget-container\">\n\t\t\t<style>\/*! elementor - v3.19.0 - 07-02-2024 *\/\n.elementor-widget-image{text-align:center}.elementor-widget-image a{display:inline-block}.elementor-widget-image a img[src$=\".svg\"]{width:48px}.elementor-widget-image img{vertical-align:middle;display:inline-block}<\/style>\t\t\t\t\t\t\t\t\t\t<img decoding=\"async\" src=\"https:\/\/globalecorescue.com\/wp-content\/uploads\/elementor\/thumbs\/WhatsApp-Image-2023-10-17-at-10.54.06-qju4g92nizbwlwjwhunhlmqqjqkvadeo1jepd3ow74.webp\" title=\"WhatsApp-Image-2023-10-17-at-10.54.06\" alt=\"WhatsApp-Image-2023-10-17-at-10.54.06\" loading=\"lazy\" \/>\t\t\t\t\t\t\t\t\t\t\t\t\t<\/div>\n\t\t\t\t<\/div>\n\t\t\t\t\t<\/div>\n\t\t<\/div>\n\t\t\t\t\t<\/div>\n\t\t<\/section>\n\t\t\t\t<section class=\"elementor-section elementor-top-section elementor-element elementor-element-290d813 elementor-section-boxed elementor-section-height-default elementor-section-height-default\" data-id=\"290d813\" data-element_type=\"section\" data-settings=\"{&quot;background_background&quot;:&quot;classic&quot;}\">\n\t\t\t\t\t\t<div class=\"elementor-container elementor-column-gap-default\">\n\t\t\t\t\t<div class=\"elementor-column elementor-col-100 elementor-top-column elementor-element elementor-element-f61fdec\" data-id=\"f61fdec\" data-element_type=\"column\">\n\t\t\t<div class=\"elementor-widget-wrap elementor-element-populated\">\n\t\t\t\t\t\t<div class=\"elementor-element elementor-element-0d191cb elementor-widget elementor-widget-text-editor\" data-id=\"0d191cb\" data-element_type=\"widget\" data-widget_type=\"text-editor.default\">\n\t\t\t\t<div class=\"elementor-widget-container\">\n\t\t\t\t\t\t\t<p>Last year Sylvera performed an analysis that showed that companies that purchase carbon credits decarbonize 2x faster than those that don\u2019t. This finding has since been supported in subsequent reports by Trove Research and Ecosystem Marketplace, debunking the myth that organizations buy credits instead of reducing emissions; to the contrary, they do both.\u2028 Moreover, a recent survey conducted by Boston Consulting Group found that carbon credit investors are willing to pay significantly more for credits of demonstrably high quality, underscoring the need to give buyers the data to discern and evaluate quality. As market transparency increases with credit ratings, buyers can invest with more confidence and demand high-quality carbon credits. <strong style=\"font-style: inherit; color: var( --e-global-color-text ); font-family: var( --e-global-typography-text-font-family ), Sans-serif;\">Fonte: The State of Carbon Credits 2023 por Sylvera.\u00a0<\/strong><\/p><p>Esta cr\u00edtica construtiva exp\u00f5e a rejei\u00e7\u00e3o predominante das compras volunt\u00e1rias de compensa\u00e7\u00e3o de carbono por parte das empresas a uma perspectiva racional, uma vez que a conformidade ainda n\u00e3o foi totalmente estabelecida. A converg\u00eancia dos mercados volunt\u00e1rios e de conformidade ainda est\u00e1 em curso.<\/p><p>Educar as pessoas sobre como as metas baseadas na ci\u00eancia est\u00e3o sendo melhoradas e integradas em mercados de conformidade em evolu\u00e7\u00e3o que impulsionar\u00e3o a transi\u00e7\u00e3o positiva em termos de energia e natureza da maneira mais fluida poss\u00edvel dentro de uma trajet\u00f3ria prescrita inspira a todos n\u00f3s.<\/p>\t\t\t\t\t\t<\/div>\n\t\t\t\t<\/div>\n\t\t\t\t\t<\/div>\n\t\t<\/div>\n\t\t\t\t\t<\/div>\n\t\t<\/section>\n\t\t\t\t<section class=\"elementor-section elementor-top-section elementor-element elementor-element-17ae3ce elementor-section-boxed elementor-section-height-default elementor-section-height-default\" data-id=\"17ae3ce\" data-element_type=\"section\" data-settings=\"{&quot;background_background&quot;:&quot;classic&quot;}\">\n\t\t\t\t\t\t<div class=\"elementor-container elementor-column-gap-default\">\n\t\t\t\t\t<div class=\"elementor-column elementor-col-100 elementor-top-column elementor-element elementor-element-830a30b\" data-id=\"830a30b\" data-element_type=\"column\">\n\t\t\t<div class=\"elementor-widget-wrap elementor-element-populated\">\n\t\t\t\t\t\t<div class=\"elementor-element elementor-element-4c3db6d elementor-widget elementor-widget-image\" data-id=\"4c3db6d\" data-element_type=\"widget\" data-widget_type=\"image.default\">\n\t\t\t\t<div class=\"elementor-widget-container\">\n\t\t\t\t\t\t\t\t\t\t\t\t\t<img fetchpriority=\"high\" decoding=\"async\" width=\"1024\" height=\"448\" src=\"https:\/\/globalecorescue.com\/wp-content\/uploads\/2024\/02\/Map_1-1024x448.webp\" class=\"attachment-large size-large wp-image-17641\" alt=\"\" srcset=\"https:\/\/globalecorescue.com\/wp-content\/uploads\/2024\/02\/Map_1-1024x448.webp 1024w, https:\/\/globalecorescue.com\/wp-content\/uploads\/2024\/02\/Map_1-300x131.webp 300w, https:\/\/globalecorescue.com\/wp-content\/uploads\/2024\/02\/Map_1-768x336.webp 768w, https:\/\/globalecorescue.com\/wp-content\/uploads\/2024\/02\/Map_1-18x8.webp 18w, https:\/\/globalecorescue.com\/wp-content\/uploads\/2024\/02\/Map_1.webp 1081w\" sizes=\"(max-width: 1024px) 100vw, 1024px\" \/>\t\t\t\t\t\t\t\t\t\t\t\t\t<\/div>\n\t\t\t\t<\/div>\n\t\t\t\t\t<\/div>\n\t\t<\/div>\n\t\t\t\t\t<\/div>\n\t\t<\/section>\n\t\t\t\t<section class=\"elementor-section elementor-top-section elementor-element elementor-element-56d4a81 elementor-section-boxed elementor-section-height-default elementor-section-height-default\" data-id=\"56d4a81\" data-element_type=\"section\" data-settings=\"{&quot;background_background&quot;:&quot;classic&quot;}\">\n\t\t\t\t\t\t<div class=\"elementor-container elementor-column-gap-default\">\n\t\t\t\t\t<div class=\"elementor-column elementor-col-100 elementor-top-column elementor-element elementor-element-4ddbef7\" data-id=\"4ddbef7\" data-element_type=\"column\">\n\t\t\t<div class=\"elementor-widget-wrap\">\n\t\t\t\t\t\t\t<\/div>\n\t\t<\/div>\n\t\t\t\t\t<\/div>\n\t\t<\/section>\n\t\t\t\t<\/div>","protected":false},"excerpt":{"rendered":"<p>Projects We run projects for people and planet. Our operations are strategically focused at the regional jurisdictional level in Brazil and Indonesia. We are dedicated to the creation of markets aiming to align the supply and demand for nature-based solutions. This integrated effort represents a significant step towards achieving the scale needed to address global [&hellip;]<\/p>","protected":false},"author":1,"featured_media":0,"parent":0,"menu_order":0,"comment_status":"closed","ping_status":"closed","template":"","meta":{"site-sidebar-layout":"no-sidebar","site-content-layout":"page-builder","ast-site-content-layout":"","site-content-style":"default","site-sidebar-style":"default","ast-global-header-display":"","ast-banner-title-visibility":"","ast-main-header-display":"","ast-hfb-above-header-display":"","ast-hfb-below-header-display":"","ast-hfb-mobile-header-display":"","site-post-title":"disabled","ast-breadcrumbs-content":"","ast-featured-img":"disabled","footer-sml-layout":"","theme-transparent-header-meta":"","adv-header-id-meta":"","stick-header-meta":"","header-above-stick-meta":"","header-main-stick-meta":"","header-below-stick-meta":"","astra-migrate-meta-layouts":"default","ast-page-background-enabled":"default","ast-page-background-meta":{"desktop":{"background-color":"var(--ast-global-color-4)","background-image":"","background-repeat":"repeat","background-position":"center center","background-size":"auto","background-attachment":"scroll","background-type":"","background-media":"","overlay-type":"","overlay-color":"","overlay-gradient":""},"tablet":{"background-color":"","background-image":"","background-repeat":"repeat","background-position":"center center","background-size":"auto","background-attachment":"scroll","background-type":"","background-media":"","overlay-type":"","overlay-color":"","overlay-gradient":""},"mobile":{"background-color":"","background-image":"","background-repeat":"repeat","background-position":"center center","background-size":"auto","background-attachment":"scroll","background-type":"","background-media":"","overlay-type":"","overlay-color":"","overlay-gradient":""}},"ast-content-background-meta":{"desktop":{"background-color":"var(--ast-global-color-5)","background-image":"","background-repeat":"repeat","background-position":"center center","background-size":"auto","background-attachment":"scroll","background-type":"","background-media":"","overlay-type":"","overlay-color":"","overlay-gradient":""},"tablet":{"background-color":"var(--ast-global-color-5)","background-image":"","background-repeat":"repeat","background-position":"center center","background-size":"auto","background-attachment":"scroll","background-type":"","background-media":"","overlay-type":"","overlay-color":"","overlay-gradient":""},"mobile":{"background-color":"var(--ast-global-color-5)","background-image":"","background-repeat":"repeat","background-position":"center center","background-size":"auto","background-attachment":"scroll","background-type":"","background-media":"","overlay-type":"","overlay-color":"","overlay-gradient":""}},"footnotes":""},"class_list":["post-38","page","type-page","status-publish","hentry"],"_links":{"self":[{"href":"https:\/\/globalecorescue.com\/pt\/wp-json\/wp\/v2\/pages\/38","targetHints":{"allow":["GET"]}}],"collection":[{"href":"https:\/\/globalecorescue.com\/pt\/wp-json\/wp\/v2\/pages"}],"about":[{"href":"https:\/\/globalecorescue.com\/pt\/wp-json\/wp\/v2\/types\/page"}],"author":[{"embeddable":true,"href":"https:\/\/globalecorescue.com\/pt\/wp-json\/wp\/v2\/users\/1"}],"replies":[{"embeddable":true,"href":"https:\/\/globalecorescue.com\/pt\/wp-json\/wp\/v2\/comments?post=38"}],"version-history":[{"count":274,"href":"https:\/\/globalecorescue.com\/pt\/wp-json\/wp\/v2\/pages\/38\/revisions"}],"predecessor-version":[{"id":17802,"href":"https:\/\/globalecorescue.com\/pt\/wp-json\/wp\/v2\/pages\/38\/revisions\/17802"}],"wp:attachment":[{"href":"https:\/\/globalecorescue.com\/pt\/wp-json\/wp\/v2\/media?parent=38"}],"curies":[{"name":"wp","href":"https:\/\/api.w.org\/{rel}","templated":true}]}}